{"id":10,"date":"2018-11-22T13:57:21","date_gmt":"2018-11-22T13:57:21","guid":{"rendered":"http:\/\/langholzspalter.dikonzept.net\/?page_id=8"},"modified":"2018-11-22T13:57:21","modified_gmt":"2018-11-22T13:57:21","slug":"impressum","status":"publish","type":"page","link":"https:\/\/der-langholzspalter.de\/?page_id=10","title":{"rendered":"Impressum"},"content":{"rendered":"<div class=\"su-note\"  style=\"border-color:#e5d300;border-radius:3px;-moz-border-radius:3px;-webkit-border-radius:3px;\"><div class=\"su-note-inner su-u-clearfix su-u-trim\" style=\"background-color:#Ffed00;border-color:#ffffcc;color:#65442f;border-radius:3px;-moz-border-radius:3px;-webkit-border-radius:3px;\">\n<p><img loading=\"lazy\" decoding=\"async\" class=\" wp-image-87 alignleft\" src=\"https:\/\/der-langholzspalter.de\/wp-content\/uploads\/2018\/11\/DSC_0150-klein-228x300.png\" alt=\"\" width=\"207\" height=\"273\" srcset=\"https:\/\/der-langholzspalter.de\/wp-content\/uploads\/2018\/11\/DSC_0150-klein-228x300.png 228w, https:\/\/der-langholzspalter.de\/wp-content\/uploads\/2018\/11\/DSC_0150-klein-768x1009.png 768w, https:\/\/der-langholzspalter.de\/wp-content\/uploads\/2018\/11\/DSC_0150-klein-779x1024.png 779w, https:\/\/der-langholzspalter.de\/wp-content\/uploads\/2018\/11\/DSC_0150-klein.png 800w\" sizes=\"auto, (max-width: 207px) 100vw, 207px\" \/><\/p>\n<h2><span style=\"color: #65442d;\"><strong>Der Langholzspalter<\/strong><\/span><\/h2>\n<p>Herbert Beck-Treuheit<br \/>\nOberndorf 68<br \/>\n91472 Ipsheim<\/p>\n<p>Telefon: 09846\/ 96 882<br \/>\nMobil: 0173\/ 57 57 695<\/p>\n<p>info@der-langholzspalter.de<br \/>\nwww.der-langholzspalter.de<\/p>\n<p><strong>Inhaber:<\/strong> Herbert Beck-Treuheit<\/p>\n<\/div><\/div>\n<p>&nbsp;<\/p>\n<p><strong>Haftungshinweis<\/strong><\/p>\n<p>Alle auf dieser Website enthaltenen Informationen wurden mit gro\u00dfer Sorgfalt gepr\u00fcft. Wir \u00fcbernehmen jedoch keine Gew\u00e4hr daf\u00fcr, dass die Inhalte unserer eigenen Webseiten jederzeit korrekt, vollst\u00e4ndig und auf dem neuesten Stand sind. Wir verweisen gelegentlich auf die Webseiten Dritter. Obwohl wir diese Dritten sorgf\u00e4ltig aussuchen, k\u00f6nnen wir keine Gew\u00e4hr und Haftung f\u00fcr die Richtigkeit bzw. Vollst\u00e4ndigkeit der Inhalte und die Datensicherheit von Websites Dritter \u00fcbernehmen. Unsere Datenschutzerkl\u00e4rung (Bereich \u201cDatenschutz\u201d in der Fu\u00dfzeile dieser Webseite) bezieht sich ausschlie\u00dflich auf unsere Seiten und nicht auf Seiten und Inhalte Dritter, auf die wir verlinken.<\/p>\n<div class=\"su-spacer\"><\/div>\n<p><strong>Copyright und Urheberrechte<\/strong><\/p>\n<p>\u00a9 Der Langholzspalter \u2013 Herbert Beck-Treuheit. Alle Rechte vorbehalten. Die Inhalte unserer Webseite unterliegen dem Schutz des Urheberrechts und anderer Schutzgesetze. Der Inhalt dieser Webseite darf nicht zu kommerziellen Zwecken kopiert, verbreitet, ver\u00e4ndert oder Dritten zug\u00e4nglich gemacht werden. Wir weisen daraufhin hin, dass die auf der Webseite enthaltenen Inhalte teilweise dem Urheberrecht Dritter unterliegen.<\/p>\n<p>&nbsp;<\/p>\n<p><strong><img loading=\"lazy\" decoding=\"async\" class=\"size-medium wp-image-9 alignleft\" src=\"https:\/\/der-langholzspalter.de\/wp-content\/uploads\/2018\/11\/Dikonzept-Werbung-die-ins-Auge-sticht-360-px-hoc-300x177.jpg\" alt=\"\" width=\"300\" height=\"177\" \/>Diese Seite wurde erstellt von:<\/strong><br \/>\nDiKONZEPT e.K. \u2013 Agentur f\u00fcr Marketing &amp; Webdesign<br \/>\nMarktplatz 12<br \/>\n91472 Ipsheim<br \/>\nTel. 09846\/ 97 78 451<br \/>\nzur\u00a0<a href=\"http:\/\/www.dikonzept.de\/\" target=\"_blank\" rel=\"noopener\">DiKONZEPT Webseite<\/a><\/p>\n<p>&nbsp;<\/p>\n<div class=\"su-spacer\"><\/div>\n<p><strong>Quellenangaben f\u00fcr die verwendeten Bilder und Grafiken:<\/strong><\/p>\n<p>Auf dieser Seite wurden ausschlie\u00dflich eigene Bilder verwendet.<\/p>\n","protected":false},"excerpt":{"rendered":"<p>&nbsp; Haftungshinweis Alle auf dieser Website enthaltenen Informationen wurden mit gro\u00dfer Sorgfalt gepr\u00fcft. Wir \u00fcbernehmen jedoch keine Gew\u00e4hr daf\u00fcr, dass die Inhalte unserer eigenen Webseiten jederzeit korrekt, vollst\u00e4ndig und auf dem neuesten Stand sind. Wir verweisen gelegentlich auf die Webseiten &hellip; <a href=\"https:\/\/der-langholzspalter.de\/?page_id=10\">Weiter<\/a><\/p>\n","protected":false},"author":1,"featured_media":0,"parent":0,"menu_order":0,"comment_status":"closed","ping_status":"closed","template":"","meta":{"footnotes":""},"class_list":["post-10","page","type-page","status-publish","hentry"],"_links":{"self":[{"href":"https:\/\/der-langholzspalter.de\/index.php?rest_route=\/wp\/v2\/pages\/10","targetHints":{"allow":["GET"]}}],"collection":[{"href":"https:\/\/der-langholzspalter.de\/index.php?rest_route=\/wp\/v2\/pages"}],"about":[{"href":"https:\/\/der-langholzspalter.de\/index.php?rest_route=\/wp\/v2\/types\/page"}],"author":[{"embeddable":true,"href":"https:\/\/der-langholzspalter.de\/index.php?rest_route=\/wp\/v2\/users\/1"}],"replies":[{"embeddable":true,"href":"https:\/\/der-langholzspalter.de\/index.php?rest_route=%2Fwp%2Fv2%2Fcomments&post=10"}],"version-history":[{"count":0,"href":"https:\/\/der-langholzspalter.de\/index.php?rest_route=\/wp\/v2\/pages\/10\/revisions"}],"wp:attachment":[{"href":"https:\/\/der-langholzspalter.de\/index.php?rest_route=%2Fwp%2Fv2%2Fmedia&parent=10"}],"curies":[{"name":"wp","href":"https:\/\/api.w.org\/{rel}","templated":true}]}}